{"id":331,"date":"2024-11-05T22:09:42","date_gmt":"2024-11-05T22:09:42","guid":{"rendered":"https:\/\/destination-bresil.com\/?page_id=331"},"modified":"2025-08-12T21:36:59","modified_gmt":"2025-08-12T21:36:59","slug":"voyager-au-bresil","status":"publish","type":"page","link":"https:\/\/destination-bresil.com\/en\/voyager-au-bresil\/","title":{"rendered":"TRAVEL IN BRAZIL"},"content":{"rendered":"<div data-elementor-type=\"wp-page\" data-elementor-id=\"331\" class=\"elementor elementor-331\" data-elementor-post-type=\"page\">\n\t\t\t\t<div class=\"elementor-element elementor-element-f556d46 e-grid e-con-full e-con e-parent\" data-id=\"f556d46\" data-element_type=\"container\" data-e-type=\"container\" data-settings=\"{&quot;background_background&quot;:&quot;classic&quot;}\">\n\t\t\t\t<div class=\"elementor-element elementor-element-b635fbe elementor-widget elementor-widget-heading\" data-id=\"b635fbe\" data-element_type=\"widget\" data-e-type=\"widget\" data-widget_type=\"heading.default\">\n\t\t\t\t<div class=\"elementor-widget-container\">\n\t\t\t\t\t<h1 class=\"elementor-heading-title elementor-size-default\">Discover Brazil<\/h1>\t\t\t\t<\/div>\n\t\t\t\t<\/div>\n\t\t\t\t<div class=\"elementor-element elementor-element-1ed02fd elementor-widget elementor-widget-text-editor\" data-id=\"1ed02fd\" data-element_type=\"widget\" data-e-type=\"widget\" data-widget_type=\"text-editor.default\">\n\t\t\t\t<div class=\"elementor-widget-container\">\n\t\t\t\t\t\t\t\t\t<p>Trindade, Rio de Janeiro<\/p>\t\t\t\t\t\t\t\t<\/div>\n\t\t\t\t<\/div>\n\t\t\t\t<\/div>\n\t\t<div class=\"elementor-element elementor-element-5bf5799 e-grid e-con-boxed e-con e-parent\" data-id=\"5bf5799\" data-element_type=\"container\" data-e-type=\"container\">\n\t\t\t\t\t<div class=\"e-con-inner\">\n\t\t\t\t<div class=\"elementor-element elementor-element-bb924d5 elementor-widget elementor-widget-text-editor\" data-id=\"bb924d5\" data-element_type=\"widget\" data-e-type=\"widget\" data-widget_type=\"text-editor.default\">\n\t\t\t\t<div class=\"elementor-widget-container\">\n\t\t\t\t\t\t\t\t\t<p class=\"has-montserrat-font-family\">Brazil is the largest country in South America, nearly 16 times bigger than France. Its incredible diversity makes it a destination that appeals to all travelers, offering an exceptional wealth of landscapes, biodiversity, cultures, and activities.<\/p><p class=\"has-montserrat-font-family\">Between the dense Amazon rainforest, a true ecological treasure, the Pantanal, renowned for its extraordinary biodiversity, the impressive Igua\u00e7u Falls, the stunning dunes of Len\u00e7\u00f3is Maranhenses National Park, and the beautiful beaches and idyllic small islands along the coast, there is something for every taste. The hardest part will be choosing your destinations during your visit, given the many varied options.<\/p><p class=\"has-montserrat-font-family\">Brazil is also a vibrant and rich culture with its famous carnival, dazzling parades, and lively rhythms\u2014it embodies the Brazilian zest for life. And of course, football, a true national passion, holds a special place in the hearts of Brazilians.<\/p>\t\t\t\t\t\t\t\t<\/div>\n\t\t\t\t<\/div>\n\t\t\t\t<div class=\"elementor-element elementor-element-e09bb55 elementor-widget__width-inherit elementor-widget elementor-widget-shortcode\" data-id=\"e09bb55\" data-element_type=\"widget\" data-e-type=\"widget\" data-widget_type=\"shortcode.default\">\n\t\t\t\t<div class=\"elementor-widget-container\">\n\t\t\t\t\t\t\t<div class=\"elementor-shortcode\"><div class=\"map_wrapper\" id=\"map_wrapper_566\">\n<div class=\"map_box\" style=\"max-width:2000px\">\n<div class=\"map_aspect_ratio\" style=\"padding-top:56%\" data-padding-top=\"56%\" data-padding-top-mobile=\"0%\">\n<div class=\"map_container\">\n<div class=\"map_render map_loading\" id=\"map_566\"><\/div>\n<\/div>\n<\/div>\n<\/div>\n<\/div><\/div>\n\t\t\t\t\t\t<\/div>\n\t\t\t\t<\/div>\n\t\t\t\t\t<\/div>\n\t\t\t\t<\/div>\n\t\t<div class=\"elementor-element elementor-element-1516ad8 e-flex e-con-boxed e-con e-parent\" data-id=\"1516ad8\" data-element_type=\"container\" data-e-type=\"container\">\n\t\t\t\t\t<div class=\"e-con-inner\">\n\t\t\t\t<div class=\"elementor-element elementor-element-5cdbecc elementor-grid-3 elementor-grid-tablet-2 elementor-grid-mobile-1 elementor-posts--thumbnail-top elementor-card-shadow-yes elementor-posts__hover-gradient elementor-widget elementor-widget-posts\" data-id=\"5cdbecc\" data-element_type=\"widget\" data-e-type=\"widget\" data-settings=\"{&quot;cards_row_gap_mobile&quot;:{&quot;unit&quot;:&quot;px&quot;,&quot;size&quot;:15,&quot;sizes&quot;:[]},&quot;cards_columns&quot;:&quot;3&quot;,&quot;cards_columns_tablet&quot;:&quot;2&quot;,&quot;cards_columns_mobile&quot;:&quot;1&quot;,&quot;cards_row_gap&quot;:{&quot;unit&quot;:&quot;px&quot;,&quot;size&quot;:35,&quot;sizes&quot;:[]},&quot;cards_row_gap_tablet&quot;:{&quot;unit&quot;:&quot;px&quot;,&quot;size&quot;:&quot;&quot;,&quot;sizes&quot;:[]}}\" data-widget_type=\"posts.cards\">\n\t\t\t\t<div class=\"elementor-widget-container\">\n\t\t\t\t\t\t\t<div class=\"elementor-posts-container elementor-posts elementor-posts--skin-cards elementor-grid\" role=\"list\">\n\t\t\t\t<article class=\"elementor-post elementor-grid-item post-2777 post type-post status-publish format-standard has-post-thumbnail hentry category-voyager-au-bresil\" role=\"listitem\">\n\t\t\t<div class=\"elementor-post__card\">\n\t\t\t\t<a class=\"elementor-post__thumbnail__link\" href=\"https:\/\/destination-bresil.com\/en\/preparer-voyage-bresil\/\" tabindex=\"-1\" ><div class=\"elementor-post__thumbnail\"><img fetchpriority=\"high\" decoding=\"async\" width=\"1254\" height=\"837\" src=\"https:\/\/destination-bresil.com\/wp-content\/uploads\/2024\/12\/preparer.jpg\" class=\"attachment-full size-full wp-image-2219\" alt=\"\" srcset=\"https:\/\/destination-bresil.com\/wp-content\/uploads\/2024\/12\/preparer.jpg 1254w, https:\/\/destination-bresil.com\/wp-content\/uploads\/2024\/12\/preparer-300x200.jpg 300w, https:\/\/destination-bresil.com\/wp-content\/uploads\/2024\/12\/preparer-1024x683.jpg 1024w, https:\/\/destination-bresil.com\/wp-content\/uploads\/2024\/12\/preparer-768x513.jpg 768w\" sizes=\"(max-width: 1254px) 100vw, 1254px\" \/><\/div><\/a>\n\t\t\t\t<div class=\"elementor-post__text\">\n\t\t\t\t<h2 class=\"elementor-post__title\">\n\t\t\t<a href=\"https:\/\/destination-bresil.com\/en\/preparer-voyage-bresil\/\" >\n\t\t\t\tPREPARE HIS TRIP TO BRAZIL, WHAT YOU NEED TO KNOW...\t\t\t<\/a>\n\t\t<\/h2>\n\t\t\t\t<div class=\"elementor-post__excerpt\">\n\t\t\t<p>Before packing your suitcase, discover everything you need to know for a stress-free and well-prepared trip: entry formalities, health tips, climate by region, electricity, CPF, banks, insurance, language\u2026 A clear, practical, and field-tested guide so you can fully enjoy your Brazilian adventure!<\/p>\n\t\t<\/div>\n\t\t\n\t\t<a class=\"elementor-post__read-more\" href=\"https:\/\/destination-bresil.com\/en\/preparer-voyage-bresil\/\" aria-label=\"Read more about PR\u00c9PARER SON VOYAGE AU BR\u00c9SIL, CE QU&rsquo;IL FAUT SAVOIR\u2026\" tabindex=\"-1\" >\n\t\t\tRead more &gt;&gt;\t\t<\/a>\n\n\t\t\t\t<\/div>\n\t\t\t\t\t<\/div>\n\t\t<\/article>\n\t\t\t\t<article class=\"elementor-post elementor-grid-item post-1145 post type-post status-publish format-standard has-post-thumbnail hentry category-voyager-au-bresil\" role=\"listitem\">\n\t\t\t<div class=\"elementor-post__card\">\n\t\t\t\t<a class=\"elementor-post__thumbnail__link\" href=\"https:\/\/destination-bresil.com\/en\/astuces-voyage-bresil\/\" tabindex=\"-1\" ><div class=\"elementor-post__thumbnail\"><img decoding=\"async\" width=\"1792\" height=\"636\" src=\"https:\/\/destination-bresil.com\/wp-content\/uploads\/2024\/12\/AstucesDeVoyage-3.png\" class=\"attachment-full size-full wp-image-2365\" alt=\"\" srcset=\"https:\/\/destination-bresil.com\/wp-content\/uploads\/2024\/12\/AstucesDeVoyage-3.png 1792w, https:\/\/destination-bresil.com\/wp-content\/uploads\/2024\/12\/AstucesDeVoyage-3-300x106.png 300w, https:\/\/destination-bresil.com\/wp-content\/uploads\/2024\/12\/AstucesDeVoyage-3-1024x363.png 1024w, https:\/\/destination-bresil.com\/wp-content\/uploads\/2024\/12\/AstucesDeVoyage-3-768x273.png 768w, https:\/\/destination-bresil.com\/wp-content\/uploads\/2024\/12\/AstucesDeVoyage-3-1536x545.png 1536w\" sizes=\"(max-width: 1792px) 100vw, 1792px\" \/><\/div><\/a>\n\t\t\t\t<div class=\"elementor-post__text\">\n\t\t\t\t<h2 class=\"elementor-post__title\">\n\t\t\t<a href=\"https:\/\/destination-bresil.com\/en\/astuces-voyage-bresil\/\" >\n\t\t\t\tTRAVEL TO BRAZIL WITHOUT STRESS : TIPS AND TRICKS\t\t\t<\/a>\n\t\t<\/h2>\n\t\t\t\t<div class=\"elementor-post__excerpt\">\n\t\t\t<p>D\u00e9couvrez tout ce qu\u2019il faut savoir pour profiter pleinement de votre voyage au Br\u00e9sil ! Des astuces pour g\u00e9rer votre budget avec le taux de change et les paiements, aux conseils de s\u00e9curit\u00e9 pour explorer les grandes villes, en passant par les meilleures options d\u2019h\u00e9bergement et de transport. Ne manquez pas nos recommandations ainsi que des informations pratiques. Pr\u00e9parez-vous \u00e0 vivre une exp\u00e9rience inoubliable !<\/p>\n\t\t<\/div>\n\t\t\n\t\t<a class=\"elementor-post__read-more\" href=\"https:\/\/destination-bresil.com\/en\/astuces-voyage-bresil\/\" aria-label=\"Read more about VOYAGER AU BR\u00c9SIL SANS STRESS : CONSEILS ET ASTUCES\" tabindex=\"-1\" >\n\t\t\tRead more &gt;&gt;\t\t<\/a>\n\n\t\t\t\t<\/div>\n\t\t\t\t\t<\/div>\n\t\t<\/article>\n\t\t\t\t<article class=\"elementor-post elementor-grid-item post-2475 post type-post status-publish format-standard has-post-thumbnail hentry category-voyager-au-bresil\" role=\"listitem\">\n\t\t\t<div class=\"elementor-post__card\">\n\t\t\t\t<a class=\"elementor-post__thumbnail__link\" href=\"https:\/\/destination-bresil.com\/en\/chutes-iguacu\/\" tabindex=\"-1\" ><div class=\"elementor-post__thumbnail\"><img decoding=\"async\" width=\"2560\" height=\"1920\" src=\"https:\/\/destination-bresil.com\/wp-content\/uploads\/2024\/11\/IMG_3073-1-scaled.jpg\" class=\"attachment-full size-full wp-image-1945\" alt=\"\" srcset=\"https:\/\/destination-bresil.com\/wp-content\/uploads\/2024\/11\/IMG_3073-1-scaled.jpg 2560w, https:\/\/destination-bresil.com\/wp-content\/uploads\/2024\/11\/IMG_3073-1-300x225.jpg 300w, https:\/\/destination-bresil.com\/wp-content\/uploads\/2024\/11\/IMG_3073-1-1024x768.jpg 1024w, https:\/\/destination-bresil.com\/wp-content\/uploads\/2024\/11\/IMG_3073-1-768x576.jpg 768w, https:\/\/destination-bresil.com\/wp-content\/uploads\/2024\/11\/IMG_3073-1-1536x1152.jpg 1536w, https:\/\/destination-bresil.com\/wp-content\/uploads\/2024\/11\/IMG_3073-1-2048x1536.jpg 2048w\" sizes=\"(max-width: 2560px) 100vw, 2560px\" \/><\/div><\/a>\n\t\t\t\t<div class=\"elementor-post__text\">\n\t\t\t\t<h2 class=\"elementor-post__title\">\n\t\t\t<a href=\"https:\/\/destination-bresil.com\/en\/chutes-iguacu\/\" >\n\t\t\t\tDIVE into THE HEART OF the MAJESTIC IGUA\u00c7U FALLS\t\t\t<\/a>\n\t\t<\/h2>\n\t\t\t\t<div class=\"elementor-post__excerpt\">\n\t\t\t<p>Nestled between Brazil and Argentina, the Igua\u00e7u Falls offer a breathtaking spectacle. Get your hiking shoes and raincoat ready we\u2019re taking you to discover the legendary Igua\u00e7u Falls, an 80-meter-high wall of water deep in the tropical jungle! Adrenaline, wild beauty, and total immersion guaranteed!<\/p>\n\t\t<\/div>\n\t\t\n\t\t<a class=\"elementor-post__read-more\" href=\"https:\/\/destination-bresil.com\/en\/chutes-iguacu\/\" aria-label=\"Read more about PLONGEZ AU COEUR DES MAGESTUEUSES CHUTES D&rsquo;IGUA\u00c7U\" tabindex=\"-1\" >\n\t\t\tRead more &gt;&gt;\t\t<\/a>\n\n\t\t\t\t<\/div>\n\t\t\t\t\t<\/div>\n\t\t<\/article>\n\t\t\t\t<\/div>\n\t\t\n\t\t\t\t\t\t<\/div>\n\t\t\t\t<\/div>\n\t\t\t\t\t<\/div>\n\t\t\t\t<\/div>\n\t\t<div class=\"elementor-element elementor-element-7337e61 e-grid e-con-full e-con e-parent\" data-id=\"7337e61\" data-element_type=\"container\" data-e-type=\"container\" data-settings=\"{&quot;background_background&quot;:&quot;classic&quot;}\">\n\t\t\t\t<div class=\"elementor-element elementor-element-617a57e elementor-widget elementor-widget-heading\" data-id=\"617a57e\" data-element_type=\"widget\" data-e-type=\"widget\" data-widget_type=\"heading.default\">\n\t\t\t\t<div class=\"elementor-widget-container\">\n\t\t\t\t\t<h2 class=\"elementor-heading-title elementor-size-default\">Do you also dream of settling in Brazil?<\/h2>\t\t\t\t<\/div>\n\t\t\t\t<\/div>\n\t\t\t\t<div class=\"elementor-element elementor-element-a8bec5a elementor-align-center elementor-widget elementor-widget-button\" data-id=\"a8bec5a\" data-element_type=\"widget\" data-e-type=\"widget\" data-widget_type=\"button.default\">\n\t\t\t\t<div class=\"elementor-widget-container\">\n\t\t\t\t\t\t\t\t\t<div class=\"elementor-button-wrapper\">\n\t\t\t\t\t<a class=\"elementor-button elementor-button-link elementor-size-sm\" href=\"https:\/\/destination-bresil.com\/en\/sinstaller-au-bresil\/\">\n\t\t\t\t\t\t<span class=\"elementor-button-content-wrapper\">\n\t\t\t\t\t\t\t\t\t<span class=\"elementor-button-text\">Go for it!<\/span>\n\t\t\t\t\t<\/span>\n\t\t\t\t\t<\/a>\n\t\t\t\t<\/div>\n\t\t\t\t\t\t\t\t<\/div>\n\t\t\t\t<\/div>\n\t\t\t\t<div class=\"elementor-element elementor-element-8eccb86 elementor-widget elementor-widget-text-editor\" data-id=\"8eccb86\" data-element_type=\"widget\" data-e-type=\"widget\" data-widget_type=\"text-editor.default\">\n\t\t\t\t<div class=\"elementor-widget-container\">\n\t\t\t\t\t\t\t\t\t<p style=\"text-align: right;\">Farol da praia de Galinhos, Rio Grande do Norte\u00a0<\/p>\t\t\t\t\t\t\t\t<\/div>\n\t\t\t\t<\/div>\n\t\t\t\t<\/div>\n\t\t\t\t<\/div>","protected":false},"excerpt":{"rendered":"<p>Partez \u00e0 la d\u00e9couverte du Br\u00e9sil Trindade, Rio de Janeiro Le Br\u00e9sil est le pays le plus vaste d\u2019Am\u00e9rique du Sud, il est pr\u00e8s de 16 fois plus grand que la France. Sa diversit\u00e9 incroyable en fait une destination qui s\u00e9duit tous les voyageurs, offrant une richesse exceptionnelle de paysages, de biodiversit\u00e9, de cultures et [&hellip;]<\/p>","protected":false},"author":1,"featured_media":282,"parent":0,"menu_order":0,"comment_status":"closed","ping_status":"closed","template":"elementor_header_footer","meta":{"footnotes":""},"class_list":["post-331","page","type-page","status-publish","has-post-thumbnail","hentry"],"yoast_head":"<!-- This site is optimized with the Yoast SEO plugin v27.4 - https:\/\/yoast.com\/product\/yoast-seo-wordpress\/ -->\n<title>Voyager au Br\u00e9sil \u2013 Conseils, itin\u00e9raires et incontournables du voyage<\/title>\n<meta name=\"description\" content=\"D\u00e9couvrez les incontournables du Br\u00e9sil et pr\u00e9parez votre voyage en toute s\u00e9r\u00e9nit\u00e9 avec nos conseils pratiques : visas, transport, h\u00e9bergements, s\u00e9curit\u00e9, budget et astuces pour un s\u00e9jour inoubliable !\" \/>\n<meta name=\"robots\" content=\"index, follow, max-snippet:-1, max-image-preview:large, max-video-preview:-1\" \/>\n<link rel=\"canonical\" href=\"https:\/\/destination-bresil.com\/en\/voyager-au-bresil\/\" \/>\n<meta property=\"og:locale\" content=\"en_GB\" \/>\n<meta property=\"og:type\" content=\"article\" \/>\n<meta property=\"og:title\" content=\"Voyager au Br\u00e9sil \u2013 Conseils, itin\u00e9raires et incontournables du voyage\" \/>\n<meta property=\"og:description\" content=\"D\u00e9couvrez les incontournables du Br\u00e9sil et pr\u00e9parez votre voyage en toute s\u00e9r\u00e9nit\u00e9 avec nos conseils pratiques : visas, transport, h\u00e9bergements, s\u00e9curit\u00e9, budget et astuces pour un s\u00e9jour inoubliable !\" \/>\n<meta property=\"og:url\" content=\"https:\/\/destination-bresil.com\/en\/voyager-au-bresil\/\" \/>\n<meta property=\"og:site_name\" content=\"Destination Br\u00e9sil\" \/>\n<meta property=\"article:modified_time\" content=\"2025-08-12T21:36:59+00:00\" \/>\n<meta property=\"og:image\" content=\"https:\/\/destination-bresil.com\/wp-content\/uploads\/2024\/11\/DJI_0532-1-scaled.jpg\" \/>\n\t<meta property=\"og:image:width\" content=\"2560\" \/>\n\t<meta property=\"og:image:height\" content=\"1920\" \/>\n\t<meta property=\"og:image:type\" content=\"image\/jpeg\" \/>\n<meta name=\"twitter:card\" content=\"summary_large_image\" \/>\n<meta name=\"twitter:label1\" content=\"Estimated reading time\" \/>\n\t<meta name=\"twitter:data1\" content=\"3 minutes\" \/>\n<script type=\"application\/ld+json\" class=\"yoast-schema-graph\">{\"@context\":\"https:\\\/\\\/schema.org\",\"@graph\":[{\"@type\":\"WebPage\",\"@id\":\"https:\\\/\\\/destination-bresil.com\\\/voyager-au-bresil\\\/\",\"url\":\"https:\\\/\\\/destination-bresil.com\\\/voyager-au-bresil\\\/\",\"name\":\"Voyager au Br\u00e9sil \u2013 Conseils, itin\u00e9raires et incontournables du voyage\",\"isPartOf\":{\"@id\":\"https:\\\/\\\/destination-bresil.com\\\/#website\"},\"primaryImageOfPage\":{\"@id\":\"https:\\\/\\\/destination-bresil.com\\\/voyager-au-bresil\\\/#primaryimage\"},\"image\":{\"@id\":\"https:\\\/\\\/destination-bresil.com\\\/voyager-au-bresil\\\/#primaryimage\"},\"thumbnailUrl\":\"https:\\\/\\\/destination-bresil.com\\\/wp-content\\\/uploads\\\/2024\\\/11\\\/DJI_0532-1-scaled.jpg\",\"datePublished\":\"2024-11-05T22:09:42+00:00\",\"dateModified\":\"2025-08-12T21:36:59+00:00\",\"description\":\"D\u00e9couvrez les incontournables du Br\u00e9sil et pr\u00e9parez votre voyage en toute s\u00e9r\u00e9nit\u00e9 avec nos conseils pratiques : visas, transport, h\u00e9bergements, s\u00e9curit\u00e9, budget et astuces pour un s\u00e9jour inoubliable !\",\"breadcrumb\":{\"@id\":\"https:\\\/\\\/destination-bresil.com\\\/voyager-au-bresil\\\/#breadcrumb\"},\"inLanguage\":\"en-GB\",\"potentialAction\":[{\"@type\":\"ReadAction\",\"target\":[\"https:\\\/\\\/destination-bresil.com\\\/voyager-au-bresil\\\/\"]}]},{\"@type\":\"ImageObject\",\"inLanguage\":\"en-GB\",\"@id\":\"https:\\\/\\\/destination-bresil.com\\\/voyager-au-bresil\\\/#primaryimage\",\"url\":\"https:\\\/\\\/destination-bresil.com\\\/wp-content\\\/uploads\\\/2024\\\/11\\\/DJI_0532-1-scaled.jpg\",\"contentUrl\":\"https:\\\/\\\/destination-bresil.com\\\/wp-content\\\/uploads\\\/2024\\\/11\\\/DJI_0532-1-scaled.jpg\",\"width\":2560,\"height\":1920,\"caption\":\"DCIM\\\\100MEDIA\\\\DJI_0532.JPG\"},{\"@type\":\"BreadcrumbList\",\"@id\":\"https:\\\/\\\/destination-bresil.com\\\/voyager-au-bresil\\\/#breadcrumb\",\"itemListElement\":[{\"@type\":\"ListItem\",\"position\":1,\"name\":\"Accueil\",\"item\":\"https:\\\/\\\/destination-bresil.com\\\/\"},{\"@type\":\"ListItem\",\"position\":2,\"name\":\"VOYAGER AU BR\u00c9SIL\"}]},{\"@type\":\"WebSite\",\"@id\":\"https:\\\/\\\/destination-bresil.com\\\/#website\",\"url\":\"https:\\\/\\\/destination-bresil.com\\\/\",\"name\":\"Destination Br\u00e9sil\",\"description\":\"Voyage installation et expatriation au Br\u00e9sil\",\"publisher\":{\"@id\":\"https:\\\/\\\/destination-bresil.com\\\/#organization\"},\"potentialAction\":[{\"@type\":\"SearchAction\",\"target\":{\"@type\":\"EntryPoint\",\"urlTemplate\":\"https:\\\/\\\/destination-bresil.com\\\/?s={search_term_string}\"},\"query-input\":{\"@type\":\"PropertyValueSpecification\",\"valueRequired\":true,\"valueName\":\"search_term_string\"}}],\"inLanguage\":\"en-GB\"},{\"@type\":\"Organization\",\"@id\":\"https:\\\/\\\/destination-bresil.com\\\/#organization\",\"name\":\"Destination Br\u00e9sil\",\"url\":\"https:\\\/\\\/destination-bresil.com\\\/\",\"logo\":{\"@type\":\"ImageObject\",\"inLanguage\":\"en-GB\",\"@id\":\"https:\\\/\\\/destination-bresil.com\\\/#\\\/schema\\\/logo\\\/image\\\/\",\"url\":\"https:\\\/\\\/destination-bresil.com\\\/wp-content\\\/uploads\\\/2024\\\/11\\\/DESTINATION-BRESIL-500-x-400-px1-1.png\",\"contentUrl\":\"https:\\\/\\\/destination-bresil.com\\\/wp-content\\\/uploads\\\/2024\\\/11\\\/DESTINATION-BRESIL-500-x-400-px1-1.png\",\"width\":500,\"height\":400,\"caption\":\"Destination Br\u00e9sil\"},\"image\":{\"@id\":\"https:\\\/\\\/destination-bresil.com\\\/#\\\/schema\\\/logo\\\/image\\\/\"}}]}<\/script>\n<!-- \/ Yoast SEO plugin. -->","yoast_head_json":{"title":"Voyager au Br\u00e9sil \u2013 Conseils, itin\u00e9raires et incontournables du voyage","description":"D\u00e9couvrez les incontournables du Br\u00e9sil et pr\u00e9parez votre voyage en toute s\u00e9r\u00e9nit\u00e9 avec nos conseils pratiques : visas, transport, h\u00e9bergements, s\u00e9curit\u00e9, budget et astuces pour un s\u00e9jour inoubliable !","robots":{"index":"index","follow":"follow","max-snippet":"max-snippet:-1","max-image-preview":"max-image-preview:large","max-video-preview":"max-video-preview:-1"},"canonical":"https:\/\/destination-bresil.com\/en\/voyager-au-bresil\/","og_locale":"en_GB","og_type":"article","og_title":"Voyager au Br\u00e9sil \u2013 Conseils, itin\u00e9raires et incontournables du voyage","og_description":"D\u00e9couvrez les incontournables du Br\u00e9sil et pr\u00e9parez votre voyage en toute s\u00e9r\u00e9nit\u00e9 avec nos conseils pratiques : visas, transport, h\u00e9bergements, s\u00e9curit\u00e9, budget et astuces pour un s\u00e9jour inoubliable !","og_url":"https:\/\/destination-bresil.com\/en\/voyager-au-bresil\/","og_site_name":"Destination Br\u00e9sil","article_modified_time":"2025-08-12T21:36:59+00:00","og_image":[{"width":2560,"height":1920,"url":"https:\/\/destination-bresil.com\/wp-content\/uploads\/2024\/11\/DJI_0532-1-scaled.jpg","type":"image\/jpeg"}],"twitter_card":"summary_large_image","twitter_misc":{"Estimated reading time":"3 minutes"},"schema":{"@context":"https:\/\/schema.org","@graph":[{"@type":"WebPage","@id":"https:\/\/destination-bresil.com\/voyager-au-bresil\/","url":"https:\/\/destination-bresil.com\/voyager-au-bresil\/","name":"Voyager au Br\u00e9sil \u2013 Conseils, itin\u00e9raires et incontournables du voyage","isPartOf":{"@id":"https:\/\/destination-bresil.com\/#website"},"primaryImageOfPage":{"@id":"https:\/\/destination-bresil.com\/voyager-au-bresil\/#primaryimage"},"image":{"@id":"https:\/\/destination-bresil.com\/voyager-au-bresil\/#primaryimage"},"thumbnailUrl":"https:\/\/destination-bresil.com\/wp-content\/uploads\/2024\/11\/DJI_0532-1-scaled.jpg","datePublished":"2024-11-05T22:09:42+00:00","dateModified":"2025-08-12T21:36:59+00:00","description":"D\u00e9couvrez les incontournables du Br\u00e9sil et pr\u00e9parez votre voyage en toute s\u00e9r\u00e9nit\u00e9 avec nos conseils pratiques : visas, transport, h\u00e9bergements, s\u00e9curit\u00e9, budget et astuces pour un s\u00e9jour inoubliable !","breadcrumb":{"@id":"https:\/\/destination-bresil.com\/voyager-au-bresil\/#breadcrumb"},"inLanguage":"en-GB","potentialAction":[{"@type":"ReadAction","target":["https:\/\/destination-bresil.com\/voyager-au-bresil\/"]}]},{"@type":"ImageObject","inLanguage":"en-GB","@id":"https:\/\/destination-bresil.com\/voyager-au-bresil\/#primaryimage","url":"https:\/\/destination-bresil.com\/wp-content\/uploads\/2024\/11\/DJI_0532-1-scaled.jpg","contentUrl":"https:\/\/destination-bresil.com\/wp-content\/uploads\/2024\/11\/DJI_0532-1-scaled.jpg","width":2560,"height":1920,"caption":"DCIM\\100MEDIA\\DJI_0532.JPG"},{"@type":"BreadcrumbList","@id":"https:\/\/destination-bresil.com\/voyager-au-bresil\/#breadcrumb","itemListElement":[{"@type":"ListItem","position":1,"name":"Accueil","item":"https:\/\/destination-bresil.com\/"},{"@type":"ListItem","position":2,"name":"VOYAGER AU BR\u00c9SIL"}]},{"@type":"WebSite","@id":"https:\/\/destination-bresil.com\/#website","url":"https:\/\/destination-bresil.com\/","name":"Destination Br\u00e9sil","description":"Travel installation and expatriation in Brazil","publisher":{"@id":"https:\/\/destination-bresil.com\/#organization"},"potentialAction":[{"@type":"SearchAction","target":{"@type":"EntryPoint","urlTemplate":"https:\/\/destination-bresil.com\/?s={search_term_string}"},"query-input":{"@type":"PropertyValueSpecification","valueRequired":true,"valueName":"search_term_string"}}],"inLanguage":"en-GB"},{"@type":"Organization","@id":"https:\/\/destination-bresil.com\/#organization","name":"Destination Br\u00e9sil","url":"https:\/\/destination-bresil.com\/","logo":{"@type":"ImageObject","inLanguage":"en-GB","@id":"https:\/\/destination-bresil.com\/#\/schema\/logo\/image\/","url":"https:\/\/destination-bresil.com\/wp-content\/uploads\/2024\/11\/DESTINATION-BRESIL-500-x-400-px1-1.png","contentUrl":"https:\/\/destination-bresil.com\/wp-content\/uploads\/2024\/11\/DESTINATION-BRESIL-500-x-400-px1-1.png","width":500,"height":400,"caption":"Destination Br\u00e9sil"},"image":{"@id":"https:\/\/destination-bresil.com\/#\/schema\/logo\/image\/"}}]}},"_links":{"self":[{"href":"https:\/\/destination-bresil.com\/en\/wp-json\/wp\/v2\/pages\/331","targetHints":{"allow":["GET"]}}],"collection":[{"href":"https:\/\/destination-bresil.com\/en\/wp-json\/wp\/v2\/pages"}],"about":[{"href":"https:\/\/destination-bresil.com\/en\/wp-json\/wp\/v2\/types\/page"}],"author":[{"embeddable":true,"href":"https:\/\/destination-bresil.com\/en\/wp-json\/wp\/v2\/users\/1"}],"replies":[{"embeddable":true,"href":"https:\/\/destination-bresil.com\/en\/wp-json\/wp\/v2\/comments?post=331"}],"version-history":[{"count":316,"href":"https:\/\/destination-bresil.com\/en\/wp-json\/wp\/v2\/pages\/331\/revisions"}],"predecessor-version":[{"id":6099,"href":"https:\/\/destination-bresil.com\/en\/wp-json\/wp\/v2\/pages\/331\/revisions\/6099"}],"wp:featuredmedia":[{"embeddable":true,"href":"https:\/\/destination-bresil.com\/en\/wp-json\/wp\/v2\/media\/282"}],"wp:attachment":[{"href":"https:\/\/destination-bresil.com\/en\/wp-json\/wp\/v2\/media?parent=331"}],"curies":[{"name":"wp","href":"https:\/\/api.w.org\/{rel}","templated":true}]}}