{"id":310,"date":"2024-11-05T01:08:40","date_gmt":"2024-11-05T01:08:40","guid":{"rendered":"https:\/\/destination-bresil.com\/?page_id=310"},"modified":"2025-07-17T22:18:49","modified_gmt":"2025-07-17T22:18:49","slug":"contact-destination-bresil-contactez-nous-pour-vos-projets-de-voyage-ou-dexpatriation","status":"publish","type":"page","link":"https:\/\/destination-bresil.com\/en\/contact-destination-bresil-contactez-nous-pour-vos-projets-de-voyage-ou-dexpatriation\/","title":{"rendered":"CONTACT US"},"content":{"rendered":"<div data-elementor-type=\"wp-page\" data-elementor-id=\"310\" class=\"elementor elementor-310\" data-elementor-post-type=\"page\">\n\t\t\t\t<div class=\"elementor-element elementor-element-58eaae4 e-con-full e-flex e-con e-parent\" data-id=\"58eaae4\" data-element_type=\"container\" data-e-type=\"container\" data-settings=\"{&quot;background_background&quot;:&quot;classic&quot;}\">\n\t\t\t\t<div class=\"elementor-element elementor-element-35e8e5e elementor-widget__width-inherit elementor-absolute elementor-widget elementor-widget-text-editor\" data-id=\"35e8e5e\" data-element_type=\"widget\" data-e-type=\"widget\" data-settings=\"{&quot;_position&quot;:&quot;absolute&quot;}\" data-widget_type=\"text-editor.default\">\n\t\t\t\t<div class=\"elementor-widget-container\">\n\t\t\t\t\t\t\t\t\t<p style=\"text-align: right;\">Paraty, Rio de Janeiro<\/p>\t\t\t\t\t\t\t\t<\/div>\n\t\t\t\t<\/div>\n\t\t\t\t<\/div>\n\t\t<div class=\"elementor-element elementor-element-4c7181a9 e-flex e-con-boxed e-con e-parent\" data-id=\"4c7181a9\" data-element_type=\"container\" data-e-type=\"container\">\n\t\t\t\t\t<div class=\"e-con-inner\">\n\t\t\t\t<div class=\"elementor-element elementor-element-7ccd4e38 elementor-widget elementor-widget-text-editor\" data-id=\"7ccd4e38\" data-element_type=\"widget\" data-e-type=\"widget\" data-widget_type=\"text-editor.default\">\n\t\t\t\t<div class=\"elementor-widget-container\">\n\t\t\t\t\t\t\t\t\t<p><\/p>\n<p>Do you have any questions or suggestions to improve this blog? Feel free to write to us\u2014we\u2019ll be happy to respond.<\/p>\n<p>If you have a question about an article, please leave a comment using the form at the end of each article.<\/p>\n<p><\/p>\t\t\t\t\t\t\t\t<\/div>\n\t\t\t\t<\/div>\n\t\t\t\t\t<\/div>\n\t\t\t\t<\/div>\n\t\t<div class=\"elementor-element elementor-element-3dadfed e-flex e-con-boxed e-con e-parent\" data-id=\"3dadfed\" data-element_type=\"container\" data-e-type=\"container\">\n\t\t\t\t\t<div class=\"e-con-inner\">\n\t\t\t\t<div class=\"elementor-element elementor-element-16b0ab2 elementor-widget elementor-widget-metform\" data-id=\"16b0ab2\" data-element_type=\"widget\" data-e-type=\"widget\" data-widget_type=\"metform.default\">\n\t\t\t\t<div class=\"elementor-widget-container\">\n\t\t\t\t\t<div id=\"mf-response-props-id-4795\" data-previous-steps-style=\"\" data-editswitchopen=\"\" data-response_type=\"alert\" data-erroricon=\"fas fa-exclamation-triangle\" data-successicon=\"fas fa-check\" data-messageposition=\"top\" class=\"mf-scroll-top-no\">\n\t\t<div class=\"formpicker_warper formpicker_warper_editable\" data-metform-formpicker-key=\"4795\" >\n\t\t\t\t\n\t\t\t<div class=\"mf-widget-container\">\n\t\t\t\t\r\n\t\t<div\r\n\t\t\tid=\"metform-wrap-16b0ab2-4795\"\r\n\t\t\tclass=\"mf-form-wrapper\"\r\n\t\t\tdata-form-id=\"4795\"\r\n\t\t\tdata-action=\"https:\/\/destination-bresil.com\/en\/wp-json\/metform\/v1\/entries\/insert\/4795\"\r\n\t\t\tdata-wp-nonce=\"903e1e2242\"\r\n\t\t\tdata-form-nonce=\"e3f56ef2f8\"\r\n\t\t\tdata-quiz-summery = \"false\"\r\n\t\t\tdata-save-progress = \"false\"\r\n\t\t\tdata-form-type=\"general-form\"\r\n\t\t\tdata-stop-vertical-effect=\"\"\r\n\t\t\t><\/div>\r\n\r\n\r\n\t\t<!----------------------------- \r\n\t\t\t* controls_data : find the the props passed indie of data attribute\r\n\t\t\t* props.SubmitResponseMarkup : contains the markup of error or success message\r\n\t\t\t* https:\/\/developer.mozilla.org\/en-US\/docs\/Web\/JavaScript\/Reference\/Template_literals\r\n\t\t--------------------------- -->\r\n\r\n\t\t\t\t<script type=\"text\/mf\" class=\"mf-template\">\r\n\t\t\tfunction controls_data (value){\r\n\t\t\t\tlet currentWrapper = \"mf-response-props-id-4795\";\r\n\t\t\t\tlet currentEl = document.getElementById(currentWrapper);\r\n\t\t\t\t\r\n\t\t\t\treturn currentEl ? currentEl.dataset[value] : false\r\n\t\t\t}\r\n\r\n\r\n\t\t\tlet is_edit_mode = '' ? true : false;\r\n\t\t\tlet message_position = controls_data('messageposition') || 'top';\r\n\r\n\t\t\t\r\n\t\t\tlet message_successIcon = controls_data('successicon') || '';\r\n\t\t\tlet message_errorIcon = controls_data('erroricon') || '';\r\n\t\t\tlet message_editSwitch = controls_data('editswitchopen') === 'yes' ? true : false;\r\n\t\t\tlet message_proClass = controls_data('editswitchopen') === 'yes' ? 'mf_pro_activated' : '';\r\n\t\t\t\r\n\t\t\tlet is_dummy_markup = is_edit_mode && message_editSwitch ? true : false;\r\n\r\n\t\t\t\r\n\t\t\treturn html`\r\n\t\t\t\t<form\r\n\t\t\t\t\tclassName=\"metform-form-content\"\r\n\t\t\t\t\tref=${parent.formContainerRef}\r\n\t\t\t\t\tonSubmit=${ validation.handleSubmit( parent.handleFormSubmit ) }\r\n\t\t\t\t\r\n\t\t\t\t\t>\r\n\t\t\t\r\n\t\t\t\r\n\t\t\t\t\t${is_dummy_markup ? message_position === 'top' ?  props.ResponseDummyMarkup(message_successIcon, message_proClass) : '' : ''}\r\n\t\t\t\t\t${is_dummy_markup ? ' ' :  message_position === 'top' ? props.SubmitResponseMarkup`${parent}${state}${message_successIcon}${message_errorIcon}${message_proClass}` : ''}\r\n\r\n\t\t\t\t\t<!--------------------------------------------------------\r\n\t\t\t\t\t*** IMPORTANT \/ DANGEROUS ***\r\n\t\t\t\t\t${html``} must be used as in immediate child of \"metform-form-main-wrapper\"\r\n\t\t\t\t\tclass otherwise multistep form will not run at all\r\n\t\t\t\t\t---------------------------------------------------------->\r\n\r\n\t\t\t\t\t<div className=\"metform-form-main-wrapper\" key=${'hide-form-after-submit'} ref=${parent.formRef}>\r\n\t\t\t\t\t${html`\r\n\t\t\t\t\t\t\t\t<div data-elementor-type=\"wp-post\" key=\"2\" data-elementor-id=\"4795\" className=\"elementor elementor-4795\" data-elementor-post-type=\"metform-form\">\n\t\t\t\t<div className=\"elementor-element elementor-element-254b754c e-flex e-con-boxed e-con e-parent\" data-id=\"254b754c\" data-element_type=\"container\" data-e-type=\"container\" data-settings=\"{&quot;background_background&quot;:&quot;classic&quot;}\">\n\t\t\t\t\t<div className=\"e-con-inner\">\n\t\t<div className=\"elementor-element elementor-element-3022d851 e-con-full e-flex e-con e-child\" data-id=\"3022d851\" data-element_type=\"container\" data-e-type=\"container\">\n\t\t\t\t<div className=\"elementor-element elementor-element-043a141 elementor-widget elementor-widget-heading\" data-id=\"043a141\" data-element_type=\"widget\" data-e-type=\"widget\" data-widget_type=\"heading.default\">\n\t\t\t\t<div className=\"elementor-widget-container\">\n\t\t\t\t\t<h2 className=\"elementor-heading-title elementor-size-default\">NOUS CONTACTER<\/h2>\t\t\t\t<\/div>\n\t\t\t\t<\/div>\n\t\t\t\t<\/div>\n\t\t<div className=\"elementor-element elementor-element-6ea0532a e-con-full e-grid e-con e-child\" data-id=\"6ea0532a\" data-element_type=\"container\" data-e-type=\"container\">\n\t\t\t\t<div className=\"elementor-element elementor-element-2e4ede03 elementor-widget elementor-widget-mf-text\" data-id=\"2e4ede03\" data-element_type=\"widget\" data-e-type=\"widget\" data-settings=\"{&quot;mf_input_name&quot;:&quot;mf-first-name&quot;}\" data-widget_type=\"mf-text.default\">\n\t\t\t\t<div className=\"elementor-widget-container\">\n\t\t\t\t\t\r\n\t\t<div className=\"mf-input-wrapper\">\r\n\t\t\t\t\t\t\t<label className=\"mf-input-label\" htmlFor=\"mf-input-text-2e4ede03\">\r\n\t\t\t\t\t${ parent.decodeEntities(`Pr\u00e9nom`) } \t\t\t\t\t<span className=\"mf-input-required-indicator\">*<\/span>\r\n\t\t\t\t<\/label>\r\n\t\t\t\r\n\t\t\t<input\r\n\t\t\t\ttype=\"text\"\r\n\t\t\t\tclassName=\"mf-input mf-conditional-input\"\r\n\t\t\t\tid=\"mf-input-text-2e4ede03\"\r\n\t\t\t\tname=\"mf-first-name\"\r\n\t\t\t\tplaceholder=\"${ parent.decodeEntities(``) } \"\r\n\t\t\t\t\t\t\t\t\tonInput=${parent.handleChange}\r\n\t\t\t\t\tonBlur=${parent.handleChange}\r\n\t\t\t\t\taria-invalid=${validation.errors['mf-first-name'] ? 'true' : 'false'}\r\n\t\t\t\t\tref=${el =>{\r\n\t\t\t\t\t\t\t\t\t\t\t\tparent.activateValidation({\"message\":\"This field is required.\",\"minLength\":1,\"maxLength\":\"\",\"type\":\"none\",\"required\":true,\"expression\":\"null\"}, el)\r\n\t\t\t\t\t}}\r\n\t\t\t\t\t\t\t\t\/>\r\n\r\n\t\t\t\t\t\t\t<${validation.ErrorMessage}\r\n\t\t\t\t\terrors=${validation.errors}\r\n\t\t\t\t\tname=\"mf-first-name\"\r\n\t\t\t\t\tas=${html`<span className=\"mf-error-message\"><\/span>`}\r\n\t\t\t\t\t\/>\r\n\t\t\t\r\n\t\t\t\t\t<\/div>\r\n\r\n\t\t\t\t\t\t<\/div>\n\t\t\t\t<\/div>\n\t\t\t\t<div className=\"elementor-element elementor-element-7798de4b elementor-widget elementor-widget-mf-text\" data-id=\"7798de4b\" data-element_type=\"widget\" data-e-type=\"widget\" data-settings=\"{&quot;mf_input_name&quot;:&quot;mf-last-name&quot;}\" data-widget_type=\"mf-text.default\">\n\t\t\t\t<div className=\"elementor-widget-container\">\n\t\t\t\t\t\r\n\t\t<div className=\"mf-input-wrapper\">\r\n\t\t\t\t\t\t\t<label className=\"mf-input-label\" htmlFor=\"mf-input-text-7798de4b\">\r\n\t\t\t\t\t${ parent.decodeEntities(`Nom`) } \t\t\t\t\t<span className=\"mf-input-required-indicator\">*<\/span>\r\n\t\t\t\t<\/label>\r\n\t\t\t\r\n\t\t\t<input\r\n\t\t\t\ttype=\"text\"\r\n\t\t\t\tclassName=\"mf-input mf-conditional-input\"\r\n\t\t\t\tid=\"mf-input-text-7798de4b\"\r\n\t\t\t\tname=\"mf-last-name\"\r\n\t\t\t\tplaceholder=\"${ parent.decodeEntities(``) } \"\r\n\t\t\t\t\t\t\t\t\tonInput=${parent.handleChange}\r\n\t\t\t\t\tonBlur=${parent.handleChange}\r\n\t\t\t\t\taria-invalid=${validation.errors['mf-last-name'] ? 'true' : 'false'}\r\n\t\t\t\t\tref=${el =>{\r\n\t\t\t\t\t\t\t\t\t\t\t\tparent.activateValidation({\"message\":\"This field is required.\",\"minLength\":1,\"maxLength\":\"\",\"type\":\"none\",\"required\":true,\"expression\":\"null\"}, el)\r\n\t\t\t\t\t}}\r\n\t\t\t\t\t\t\t\t\/>\r\n\r\n\t\t\t\t\t\t\t<${validation.ErrorMessage}\r\n\t\t\t\t\terrors=${validation.errors}\r\n\t\t\t\t\tname=\"mf-last-name\"\r\n\t\t\t\t\tas=${html`<span className=\"mf-error-message\"><\/span>`}\r\n\t\t\t\t\t\/>\r\n\t\t\t\r\n\t\t\t\t\t<\/div>\r\n\r\n\t\t\t\t\t\t<\/div>\n\t\t\t\t<\/div>\n\t\t\t\t<\/div>\n\t\t\t\t<div className=\"elementor-element elementor-element-60b1a9d elementor-widget elementor-widget-mf-email\" data-id=\"60b1a9d\" data-element_type=\"widget\" data-e-type=\"widget\" data-settings=\"{&quot;mf_input_name&quot;:&quot;mf-email&quot;}\" data-widget_type=\"mf-email.default\">\n\t\t\t\t<div className=\"elementor-widget-container\">\n\t\t\t\t\t\r\n\t\t<div className=\"mf-input-wrapper\">\r\n\t\t\t\t\t\t\t<label className=\"mf-input-label\" htmlFor=\"mf-input-email-60b1a9d\">\r\n\t\t\t\t\t${ parent.decodeEntities(`Email`) } \t\t\t\t\t<span className=\"mf-input-required-indicator\">*<\/span>\r\n\t\t\t\t<\/label>\r\n\t\t\t\r\n\t\t\t<input \r\n\t\t\t\ttype=\"email\" \r\n\t\t\t\t \r\n\t\t\t\tdefaultValue=\"\" \r\n\t\t\t\tclassName=\"mf-input mf-conditional-input\" \r\n\t\t\t\tid=\"mf-input-email-60b1a9d\" \r\n\t\t\t\tname=\"mf-email\" \r\n\t\t\t\tplaceholder=\"${ parent.decodeEntities(``) } \" \r\n\t\t\t\t \r\n\t\t\t\tonBlur=${parent.handleChange} onFocus=${parent.handleChange} aria-invalid=${validation.errors['mf-email'] ? 'true' : 'false' } \r\n\t\t\t\tref=${el=> parent.activateValidation({\"message\":\"This field is required.\",\"emailMessage\":\"Please enter a valid Email address\",\"minLength\":1,\"maxLength\":\"\",\"type\":\"none\",\"required\":true,\"expression\":\"null\"}, el)}\r\n\t\t\t\t\t\t\t\/>\r\n\r\n\t\t\t\t\t\t<${validation.ErrorMessage} \r\n\t\t\t\terrors=${validation.errors} \r\n\t\t\t\tname=\"mf-email\" \r\n\t\t\t\tas=${html`<span className=\"mf-error-message\"><\/span>`}\r\n\t\t\t\/>\r\n\t\t\t\r\n\t\t\t\t\t<\/div>\r\n\r\n\t\t\t\t<\/div>\n\t\t\t\t<\/div>\n\t\t\t\t<div className=\"elementor-element elementor-element-1e2e030 elementor-widget elementor-widget-mf-textarea\" data-id=\"1e2e030\" data-element_type=\"widget\" data-e-type=\"widget\" data-settings=\"{&quot;mf_input_name&quot;:&quot;mf-comment&quot;}\" data-widget_type=\"mf-textarea.default\">\n\t\t\t\t<div className=\"elementor-widget-container\">\n\t\t\t\t\t\r\n\t\t<div className=\"mf-input-wrapper\">\r\n\t\t\t\t\t\t\t<label className=\"mf-input-label\" htmlFor=\"mf-input-text-area-1e2e030\">\r\n\t\t\t\t\t${ parent.decodeEntities(`Ton message`) } \t\t\t\t\t<span className=\"mf-input-required-indicator\">*<\/span>\r\n\t\t\t\t<\/label>\r\n\t\t\t\r\n\t\t\t<textarea className=\"mf-input mf-textarea mf-conditional-input\" id=\"mf-input-text-area-1e2e030\"\r\n\t\t\t\tname=\"mf-comment\" \r\n\t\t\t\tplaceholder=\"${ parent.decodeEntities(``) } \"\r\n\t\t\t\tcols=\"30\" rows=\"10\"\r\n\t\t\t\t\t\t\t\t\tonInput=${ parent.handleChange }\r\n\t\t\t\t\taria-invalid=${validation.errors['mf-comment'] ? 'true' : 'false'}\r\n\t\t\t\t\tref=${ el => parent.activateValidation({\"message\":\"This field is required.\",\"minLength\":1,\"maxLength\":\"\",\"type\":\"none\",\"required\":true,\"expression\":\"null\"}, el)}\r\n\t\t\t\t\t\t\t\t><\/textarea>\r\n\r\n\t\t\t\t\t\t\t<${validation.ErrorMessage}\r\n\t\t\t\t\terrors=${validation.errors}\r\n\t\t\t\t\tname=\"mf-comment\"\r\n\t\t\t\t\tas=${html`<span className=\"mf-error-message\"><\/span>`}\r\n\t\t\t\t\t\/>\r\n\t\t\t\t\t\t\t\t<\/div>\r\n\r\n\t\t\t\t\t\t<\/div>\n\t\t\t\t<\/div>\n\t\t\t\t<div className=\"elementor-element elementor-element-657e436f mf-btn--left elementor-widget elementor-widget-mf-button\" data-id=\"657e436f\" data-element_type=\"widget\" data-e-type=\"widget\" data-widget_type=\"mf-button.default\">\n\t\t\t\t<div className=\"elementor-widget-container\">\n\t\t\t\t\t\t\t<div className=\"mf-btn-wraper mf-conditional-input\" data-mf-form-conditional-logic-requirement=\"\">\r\n\t\t\t\t\t\t\t<button type=\"submit\" className=\"metform-btn metform-submit-btn \" id=\"\">\r\n\t\t\t\t\t<span>${ parent.decodeEntities(`Envoyer`) } <\/span>\r\n\t\t\t\t<\/button>\r\n\t\t\t        <\/div>\r\n        \t\t\t\t<\/div>\n\t\t\t\t<\/div>\n\t\t\t\t\t<\/div>\n\t\t\t\t<\/div>\n\t\t\t\t<\/div>\n\t\t\t\t\t\t\t`}\r\n\t\t\t\t\t<\/div>\r\n\r\n\t\t\t\t\t${is_dummy_markup ? message_position === 'bottom' ? props.ResponseDummyMarkup(message_successIcon, message_proClass) : '' : ''}\r\n\t\t\t\t\t${is_dummy_markup ? ' ' : message_position === 'bottom' ? props.SubmitResponseMarkup`${parent}${state}${message_successIcon}${message_errorIcon}${message_proClass}` : ''}\r\n\t\t\t\t\r\n\t\t\t\t<\/form>\r\n\t\t\t`\r\n\t\t<\/script>\r\n\r\n\t\t\t\t\t<\/div>\n\t\t<\/div>\n\t\t<\/div>\t\t\t\t<\/div>\n\t\t\t\t<\/div>\n\t\t\t\t\t<\/div>\n\t\t\t\t<\/div>\n\t\t\t\t<\/div>","protected":false},"excerpt":{"rendered":"<p>Paraty, Rio de Janeiro Vous avez des questions ou des suggestions pour am\u00e9liorer ce blog ? N\u2019h\u00e9sitez pas \u00e0 nous \u00e9crire, nous nous ferons un plaisir de vous r\u00e9pondre. Si vous avez une question concernant un article, laissez de pr\u00e9f\u00e9rence un commentaire via le formulaire situ\u00e9 \u00e0 la fin de&nbsp;chaque&nbsp;article.<\/p>","protected":false},"author":1,"featured_media":0,"parent":0,"menu_order":0,"comment_status":"closed","ping_status":"closed","template":"","meta":{"footnotes":""},"class_list":["post-310","page","type-page","status-publish","hentry"],"yoast_head":"<!-- This site is optimized with the Yoast SEO plugin v27.4 - https:\/\/yoast.com\/product\/yoast-seo-wordpress\/ -->\n<title>NOUS CONTACTER - Destination Br\u00e9sil<\/title>\n<meta name=\"description\" content=\"Besoin d\u2019informations pour voyager ou vivre au Br\u00e9sil ? Contactez nous : nous vous r\u00e9pondons rapidement pour vous accompagner dans votre projet.\" \/>\n<meta name=\"robots\" content=\"index, follow, max-snippet:-1, max-image-preview:large, max-video-preview:-1\" \/>\n<link rel=\"canonical\" href=\"https:\/\/destination-bresil.com\/en\/contact-destination-bresil-contactez-nous-pour-vos-projets-de-voyage-ou-dexpatriation\/\" \/>\n<meta property=\"og:locale\" content=\"en_GB\" \/>\n<meta property=\"og:type\" content=\"article\" \/>\n<meta property=\"og:title\" content=\"NOUS CONTACTER - Destination Br\u00e9sil\" \/>\n<meta property=\"og:description\" content=\"Besoin d\u2019informations pour voyager ou vivre au Br\u00e9sil ? Contactez nous : nous vous r\u00e9pondons rapidement pour vous accompagner dans votre projet.\" \/>\n<meta property=\"og:url\" content=\"https:\/\/destination-bresil.com\/en\/contact-destination-bresil-contactez-nous-pour-vos-projets-de-voyage-ou-dexpatriation\/\" \/>\n<meta property=\"og:site_name\" content=\"Destination Br\u00e9sil\" \/>\n<meta property=\"article:modified_time\" content=\"2025-07-17T22:18:49+00:00\" \/>\n<meta name=\"twitter:card\" content=\"summary_large_image\" \/>\n<meta name=\"twitter:label1\" content=\"Estimated reading time\" \/>\n\t<meta name=\"twitter:data1\" content=\"1 minute\" \/>\n<script type=\"application\/ld+json\" class=\"yoast-schema-graph\">{\"@context\":\"https:\\\/\\\/schema.org\",\"@graph\":[{\"@type\":\"WebPage\",\"@id\":\"https:\\\/\\\/destination-bresil.com\\\/contact-destination-bresil-contactez-nous-pour-vos-projets-de-voyage-ou-dexpatriation\\\/\",\"url\":\"https:\\\/\\\/destination-bresil.com\\\/contact-destination-bresil-contactez-nous-pour-vos-projets-de-voyage-ou-dexpatriation\\\/\",\"name\":\"NOUS CONTACTER - Destination Br\u00e9sil\",\"isPartOf\":{\"@id\":\"https:\\\/\\\/destination-bresil.com\\\/#website\"},\"datePublished\":\"2024-11-05T01:08:40+00:00\",\"dateModified\":\"2025-07-17T22:18:49+00:00\",\"description\":\"Besoin d\u2019informations pour voyager ou vivre au Br\u00e9sil ? Contactez nous : nous vous r\u00e9pondons rapidement pour vous accompagner dans votre projet.\",\"breadcrumb\":{\"@id\":\"https:\\\/\\\/destination-bresil.com\\\/contact-destination-bresil-contactez-nous-pour-vos-projets-de-voyage-ou-dexpatriation\\\/#breadcrumb\"},\"inLanguage\":\"en-GB\",\"potentialAction\":[{\"@type\":\"ReadAction\",\"target\":[\"https:\\\/\\\/destination-bresil.com\\\/contact-destination-bresil-contactez-nous-pour-vos-projets-de-voyage-ou-dexpatriation\\\/\"]}]},{\"@type\":\"BreadcrumbList\",\"@id\":\"https:\\\/\\\/destination-bresil.com\\\/contact-destination-bresil-contactez-nous-pour-vos-projets-de-voyage-ou-dexpatriation\\\/#breadcrumb\",\"itemListElement\":[{\"@type\":\"ListItem\",\"position\":1,\"name\":\"Accueil\",\"item\":\"https:\\\/\\\/destination-bresil.com\\\/\"},{\"@type\":\"ListItem\",\"position\":2,\"name\":\"NOUS CONTACTER\"}]},{\"@type\":\"WebSite\",\"@id\":\"https:\\\/\\\/destination-bresil.com\\\/#website\",\"url\":\"https:\\\/\\\/destination-bresil.com\\\/\",\"name\":\"Destination Br\u00e9sil\",\"description\":\"Voyage installation et expatriation au Br\u00e9sil\",\"publisher\":{\"@id\":\"https:\\\/\\\/destination-bresil.com\\\/#organization\"},\"potentialAction\":[{\"@type\":\"SearchAction\",\"target\":{\"@type\":\"EntryPoint\",\"urlTemplate\":\"https:\\\/\\\/destination-bresil.com\\\/?s={search_term_string}\"},\"query-input\":{\"@type\":\"PropertyValueSpecification\",\"valueRequired\":true,\"valueName\":\"search_term_string\"}}],\"inLanguage\":\"en-GB\"},{\"@type\":\"Organization\",\"@id\":\"https:\\\/\\\/destination-bresil.com\\\/#organization\",\"name\":\"Destination Br\u00e9sil\",\"url\":\"https:\\\/\\\/destination-bresil.com\\\/\",\"logo\":{\"@type\":\"ImageObject\",\"inLanguage\":\"en-GB\",\"@id\":\"https:\\\/\\\/destination-bresil.com\\\/#\\\/schema\\\/logo\\\/image\\\/\",\"url\":\"https:\\\/\\\/destination-bresil.com\\\/wp-content\\\/uploads\\\/2024\\\/11\\\/DESTINATION-BRESIL-500-x-400-px1-1.png\",\"contentUrl\":\"https:\\\/\\\/destination-bresil.com\\\/wp-content\\\/uploads\\\/2024\\\/11\\\/DESTINATION-BRESIL-500-x-400-px1-1.png\",\"width\":500,\"height\":400,\"caption\":\"Destination Br\u00e9sil\"},\"image\":{\"@id\":\"https:\\\/\\\/destination-bresil.com\\\/#\\\/schema\\\/logo\\\/image\\\/\"}}]}<\/script>\n<!-- \/ Yoast SEO plugin. -->","yoast_head_json":{"title":"NOUS CONTACTER - Destination Br\u00e9sil","description":"Besoin d\u2019informations pour voyager ou vivre au Br\u00e9sil ? Contactez nous : nous vous r\u00e9pondons rapidement pour vous accompagner dans votre projet.","robots":{"index":"index","follow":"follow","max-snippet":"max-snippet:-1","max-image-preview":"max-image-preview:large","max-video-preview":"max-video-preview:-1"},"canonical":"https:\/\/destination-bresil.com\/en\/contact-destination-bresil-contactez-nous-pour-vos-projets-de-voyage-ou-dexpatriation\/","og_locale":"en_GB","og_type":"article","og_title":"NOUS CONTACTER - Destination Br\u00e9sil","og_description":"Besoin d\u2019informations pour voyager ou vivre au Br\u00e9sil ? Contactez nous : nous vous r\u00e9pondons rapidement pour vous accompagner dans votre projet.","og_url":"https:\/\/destination-bresil.com\/en\/contact-destination-bresil-contactez-nous-pour-vos-projets-de-voyage-ou-dexpatriation\/","og_site_name":"Destination Br\u00e9sil","article_modified_time":"2025-07-17T22:18:49+00:00","twitter_card":"summary_large_image","twitter_misc":{"Estimated reading time":"1 minute"},"schema":{"@context":"https:\/\/schema.org","@graph":[{"@type":"WebPage","@id":"https:\/\/destination-bresil.com\/contact-destination-bresil-contactez-nous-pour-vos-projets-de-voyage-ou-dexpatriation\/","url":"https:\/\/destination-bresil.com\/contact-destination-bresil-contactez-nous-pour-vos-projets-de-voyage-ou-dexpatriation\/","name":"NOUS CONTACTER - Destination Br\u00e9sil","isPartOf":{"@id":"https:\/\/destination-bresil.com\/#website"},"datePublished":"2024-11-05T01:08:40+00:00","dateModified":"2025-07-17T22:18:49+00:00","description":"Besoin d\u2019informations pour voyager ou vivre au Br\u00e9sil ? Contactez nous : nous vous r\u00e9pondons rapidement pour vous accompagner dans votre projet.","breadcrumb":{"@id":"https:\/\/destination-bresil.com\/contact-destination-bresil-contactez-nous-pour-vos-projets-de-voyage-ou-dexpatriation\/#breadcrumb"},"inLanguage":"en-GB","potentialAction":[{"@type":"ReadAction","target":["https:\/\/destination-bresil.com\/contact-destination-bresil-contactez-nous-pour-vos-projets-de-voyage-ou-dexpatriation\/"]}]},{"@type":"BreadcrumbList","@id":"https:\/\/destination-bresil.com\/contact-destination-bresil-contactez-nous-pour-vos-projets-de-voyage-ou-dexpatriation\/#breadcrumb","itemListElement":[{"@type":"ListItem","position":1,"name":"Accueil","item":"https:\/\/destination-bresil.com\/"},{"@type":"ListItem","position":2,"name":"NOUS CONTACTER"}]},{"@type":"WebSite","@id":"https:\/\/destination-bresil.com\/#website","url":"https:\/\/destination-bresil.com\/","name":"Destination Br\u00e9sil","description":"Travel installation and expatriation in Brazil","publisher":{"@id":"https:\/\/destination-bresil.com\/#organization"},"potentialAction":[{"@type":"SearchAction","target":{"@type":"EntryPoint","urlTemplate":"https:\/\/destination-bresil.com\/?s={search_term_string}"},"query-input":{"@type":"PropertyValueSpecification","valueRequired":true,"valueName":"search_term_string"}}],"inLanguage":"en-GB"},{"@type":"Organization","@id":"https:\/\/destination-bresil.com\/#organization","name":"Destination Br\u00e9sil","url":"https:\/\/destination-bresil.com\/","logo":{"@type":"ImageObject","inLanguage":"en-GB","@id":"https:\/\/destination-bresil.com\/#\/schema\/logo\/image\/","url":"https:\/\/destination-bresil.com\/wp-content\/uploads\/2024\/11\/DESTINATION-BRESIL-500-x-400-px1-1.png","contentUrl":"https:\/\/destination-bresil.com\/wp-content\/uploads\/2024\/11\/DESTINATION-BRESIL-500-x-400-px1-1.png","width":500,"height":400,"caption":"Destination Br\u00e9sil"},"image":{"@id":"https:\/\/destination-bresil.com\/#\/schema\/logo\/image\/"}}]}},"_links":{"self":[{"href":"https:\/\/destination-bresil.com\/en\/wp-json\/wp\/v2\/pages\/310","targetHints":{"allow":["GET"]}}],"collection":[{"href":"https:\/\/destination-bresil.com\/en\/wp-json\/wp\/v2\/pages"}],"about":[{"href":"https:\/\/destination-bresil.com\/en\/wp-json\/wp\/v2\/types\/page"}],"author":[{"embeddable":true,"href":"https:\/\/destination-bresil.com\/en\/wp-json\/wp\/v2\/users\/1"}],"replies":[{"embeddable":true,"href":"https:\/\/destination-bresil.com\/en\/wp-json\/wp\/v2\/comments?post=310"}],"version-history":[{"count":66,"href":"https:\/\/destination-bresil.com\/en\/wp-json\/wp\/v2\/pages\/310\/revisions"}],"predecessor-version":[{"id":4801,"href":"https:\/\/destination-bresil.com\/en\/wp-json\/wp\/v2\/pages\/310\/revisions\/4801"}],"wp:attachment":[{"href":"https:\/\/destination-bresil.com\/en\/wp-json\/wp\/v2\/media?parent=310"}],"curies":[{"name":"wp","href":"https:\/\/api.w.org\/{rel}","templated":true}]}}