{"id":308,"date":"2024-11-05T01:08:25","date_gmt":"2024-11-05T01:08:25","guid":{"rendered":"https:\/\/destination-bresil.com\/?page_id=308"},"modified":"2025-07-23T20:58:54","modified_gmt":"2025-07-23T20:58:54","slug":"qui-sommes-nous","status":"publish","type":"page","link":"https:\/\/destination-bresil.com\/en\/qui-sommes-nous\/","title":{"rendered":"ABOUT US"},"content":{"rendered":"<div data-elementor-type=\"wp-page\" data-elementor-id=\"308\" class=\"elementor elementor-308\" data-elementor-post-type=\"page\">\n\t\t\t\t<div class=\"elementor-element elementor-element-a1eeb98 e-grid e-con-full e-con e-parent\" data-id=\"a1eeb98\" data-element_type=\"container\" data-e-type=\"container\" data-settings=\"{&quot;background_background&quot;:&quot;classic&quot;}\">\n\t\t\t\t<div class=\"elementor-element elementor-element-f396229 elementor-widget elementor-widget-heading\" data-id=\"f396229\" data-element_type=\"widget\" data-e-type=\"widget\" data-widget_type=\"heading.default\">\n\t\t\t\t<div class=\"elementor-widget-container\">\n\t\t\t\t\t<h1 class=\"elementor-heading-title elementor-size-default\">OUR STORY<\/h1>\t\t\t\t<\/div>\n\t\t\t\t<\/div>\n\t\t\t\t<div class=\"elementor-element elementor-element-259c516 elementor-widget elementor-widget-text-editor\" data-id=\"259c516\" data-element_type=\"widget\" data-e-type=\"widget\" data-widget_type=\"text-editor.default\">\n\t\t\t\t<div class=\"elementor-widget-container\">\n\t\t\t\t\t\t\t\t\t<p style=\"text-align: right;\">Praia de Galinhos, Rio grande do norte<\/p>\t\t\t\t\t\t\t\t<\/div>\n\t\t\t\t<\/div>\n\t\t\t\t<\/div>\n\t\t<div class=\"elementor-element elementor-element-cb69af2 e-grid e-con-boxed e-con e-parent\" data-id=\"cb69af2\" data-element_type=\"container\" data-e-type=\"container\">\n\t\t\t\t\t<div class=\"e-con-inner\">\n\t\t\t\t<div class=\"elementor-element elementor-element-d675eee elementor-widget elementor-widget-image\" data-id=\"d675eee\" data-element_type=\"widget\" data-e-type=\"widget\" data-widget_type=\"image.default\">\n\t\t\t\t<div class=\"elementor-widget-container\">\n\t\t\t\t\t\t\t\t\t\t\t\t\t\t\t<img fetchpriority=\"high\" decoding=\"async\" width=\"1920\" height=\"2560\" src=\"https:\/\/destination-bresil.com\/wp-content\/uploads\/2024\/12\/IMG_61621-scaled.jpg\" class=\"attachment-full size-full wp-image-1068\" alt=\"\" srcset=\"https:\/\/destination-bresil.com\/wp-content\/uploads\/2024\/12\/IMG_61621-scaled.jpg 1920w, https:\/\/destination-bresil.com\/wp-content\/uploads\/2024\/12\/IMG_61621-225x300.jpg 225w, https:\/\/destination-bresil.com\/wp-content\/uploads\/2024\/12\/IMG_61621-768x1024.jpg 768w, https:\/\/destination-bresil.com\/wp-content\/uploads\/2024\/12\/IMG_61621-1152x1536.jpg 1152w, https:\/\/destination-bresil.com\/wp-content\/uploads\/2024\/12\/IMG_61621-1536x2048.jpg 1536w\" sizes=\"(max-width: 1920px) 100vw, 1920px\" \/>\t\t\t\t\t\t\t\t\t\t\t\t\t\t\t<\/div>\n\t\t\t\t<\/div>\n\t\t\t\t<div class=\"elementor-element elementor-element-7cf9c58 elementor-widget elementor-widget-text-editor\" data-id=\"7cf9c58\" data-element_type=\"widget\" data-e-type=\"widget\" data-widget_type=\"text-editor.default\">\n\t\t\t\t<div class=\"elementor-widget-container\">\n\t\t\t\t\t\t\t\t\t<p style=\"text-align: left;\">We are a young couple passionate about travel: Ya\u00eblle, a freelance community manager passionate about content creation and sharing experiences, and Leny, a biologist, naturally curious and always ready to explore.<\/p><p style=\"text-align: left;\">After an incredible trip across South America, we decided to settle down in Brazil.<\/p><p style=\"text-align: left;\">From the moment we arrived in Brazil, we were captivated by its culture, cuisine, and the beauty and diversity of its landscapes. Here, every day is an adventure filled with music, discoveries, and unforgettable moments.<\/p><p style=\"text-align: left;\">Whether you\u2019re planning a trip or a new life in Brazil, we are here to support you every step of the way. Our mission is to provide you with an authentic and enriching experience.<\/p><p style=\"text-align: left;\">Travel tips, must-see places, practical advice for settling in\u2026 We share with you, unfiltered, everything we\u2019ve learned to help you fully enjoy this adventure.<\/p><p style=\"text-align: left;\">With us, explore an authentic Brazil and leave with lifelong memories.<\/p>\t\t\t\t\t\t\t\t<\/div>\n\t\t\t\t<\/div>\n\t\t\t\t\t<\/div>\n\t\t\t\t<\/div>\n\t\t<div class=\"elementor-element elementor-element-dd31814 e-flex e-con-boxed e-con e-parent\" data-id=\"dd31814\" data-element_type=\"container\" data-e-type=\"container\">\n\t\t\t\t\t<div class=\"e-con-inner\">\n\t\t\t\t<div class=\"elementor-element elementor-element-d830e22 elementor-widget elementor-widget-heading\" data-id=\"d830e22\" data-element_type=\"widget\" data-e-type=\"widget\" data-widget_type=\"heading.default\">\n\t\t\t\t<div class=\"elementor-widget-container\">\n\t\t\t\t\t<h2 class=\"elementor-heading-title elementor-size-default\">Our Definition of Travel<\/h2>\t\t\t\t<\/div>\n\t\t\t\t<\/div>\n\t\t\t\t<div class=\"elementor-element elementor-element-9c3c474 elementor-widget elementor-widget-text-editor\" data-id=\"9c3c474\" data-element_type=\"widget\" data-e-type=\"widget\" data-widget_type=\"text-editor.default\">\n\t\t\t\t<div class=\"elementor-widget-container\">\n\t\t\t\t\t\t\t\t\t<p>Travel is, above all, about leaving, escaping, discovering new horizons, breaking the routine, breathing freedom, and offering yourself unique experiences. Travel is a step outside your comfort zone, an adventure into the unknown that enriches you deeply.<\/p><p>We hope everyone experiences this at least once in their life. Of course, some may not understand your desire to leave and might even try to discourage you. But don\u2019t listen to those voices: trust your instinct and go for it! Life is meant to be lived fully, and as long as it makes you happy, nothing else matters.<\/p><p>Travel is also a journey of discovery and self-transcendence. You do things you never imagined you would one day! It\u2019s daring where you once hesitated, it\u2019s going on a multi-day trek, walking kilometers while thinking,\u00a0<em>\u201cWhat have I gotten myself into?\u201d<\/em>and then, in the end, feeling immense satisfaction. It\u2019s sleeping in a hammock deep in the Amazon rainforest without a mosquito net and wondering why you put yourself through that\u2026! It\u2019s tasting strange dishes and flavors while asking yourself,\u00a0<em>\u201cWhy do they eat this?\u201d<\/em>All these extraordinary experiences make a trip exceptional and create memories etched in your mind for life!<\/p><p>Sure, after a trip you\u2019ll come back with a lighter wallet, but you\u2019ll be infinitely richer personally: more mature, more open-minded, and filled with precious memories.\u00a0<\/p><p>The world is vast and magnificent, and it would be a shame not to enjoy it. Every journey is an opportunity to discover new landscapes, as well as new cultures, languages, music, and cuisines.<\/p><p>Travel is also about meeting people: some fleeting, others lasting a lifetime. And who knows? Just like it happened to us eight years ago when we met in Australia, maybe your journey will lead you to the love of your life!<\/p><p>Travel is also about becoming aware of the beauty and fragility of our planet. It encourages us to take care of it and to reflect on our impact.\u00a0<\/p><p>We firmly believe that travel fosters an open mind: it allows us to see beyond inequalities, better understand others, and put things into perspective.<\/p>\t\t\t\t\t\t\t\t<\/div>\n\t\t\t\t<\/div>\n\t\t\t\t\t<\/div>\n\t\t\t\t<\/div>\n\t\t<div class=\"elementor-element elementor-element-43ef258 e-grid e-con-boxed e-con e-parent\" data-id=\"43ef258\" data-element_type=\"container\" data-e-type=\"container\" data-settings=\"{&quot;background_background&quot;:&quot;classic&quot;}\">\n\t\t\t\t\t<div class=\"e-con-inner\">\n\t\t\t\t<div class=\"elementor-element elementor-element-3281089 elementor-widget elementor-widget-text-editor\" data-id=\"3281089\" data-element_type=\"widget\" data-e-type=\"widget\" data-widget_type=\"text-editor.default\">\n\t\t\t\t<div class=\"elementor-widget-container\">\n\t\t\t\t\t\t\t\t\t<p style=\"text-align: right;\">Canoa Quebrada, Cear\u00e1<\/p>\t\t\t\t\t\t\t\t<\/div>\n\t\t\t\t<\/div>\n\t\t\t\t\t<\/div>\n\t\t\t\t<\/div>\n\t\t\t\t<\/div>","protected":false},"excerpt":{"rendered":"<p>NOTRE HISTOIRE Praia de Galinhos, Rio grande do norte Nous sommes un jeune couple passionn\u00e9 de voyage, Ya\u00eblle community manager en freelance, passionn\u00e9e par la cr\u00e9ation de contenu et le partage d\u2019exp\u00e9riences et Leny biologiste, curieux de nature et toujours pr\u00eat \u00e0 explorer. Apr\u00e8s un incroyable trip \u00e0 travers l\u2019Am\u00e9rique du sud, c\u2019est au Br\u00e9sil [&hellip;]<\/p>","protected":false},"author":1,"featured_media":0,"parent":0,"menu_order":0,"comment_status":"closed","ping_status":"closed","template":"elementor_header_footer","meta":{"footnotes":""},"class_list":["post-308","page","type-page","status-publish","hentry"],"yoast_head":"<!-- This site is optimized with the Yoast SEO plugin v27.4 - https:\/\/yoast.com\/product\/yoast-seo-wordpress\/ -->\n<title>Qui sommes-nous \u2013 amoureux de voyage et d&#039;aventure<\/title>\n<meta name=\"description\" content=\"D\u00e9couvrez notre histoire, passionn\u00e9e nous vous guidons pour r\u00e9ussir vos voyages, s\u00e9jours et projets d\u2019expatriation au Br\u00e9sil.\" \/>\n<meta name=\"robots\" content=\"index, follow, max-snippet:-1, max-image-preview:large, max-video-preview:-1\" \/>\n<link rel=\"canonical\" href=\"https:\/\/destination-bresil.com\/en\/qui-sommes-nous\/\" \/>\n<meta property=\"og:locale\" content=\"en_GB\" \/>\n<meta property=\"og:type\" content=\"article\" \/>\n<meta property=\"og:title\" content=\"Qui sommes-nous \u2013 amoureux de voyage et d&#039;aventure\" \/>\n<meta property=\"og:description\" content=\"D\u00e9couvrez notre histoire, passionn\u00e9e nous vous guidons pour r\u00e9ussir vos voyages, s\u00e9jours et projets d\u2019expatriation au Br\u00e9sil.\" \/>\n<meta property=\"og:url\" content=\"https:\/\/destination-bresil.com\/en\/qui-sommes-nous\/\" \/>\n<meta property=\"og:site_name\" content=\"Destination Br\u00e9sil\" \/>\n<meta property=\"article:modified_time\" content=\"2025-07-23T20:58:54+00:00\" \/>\n<meta property=\"og:image\" content=\"https:\/\/destination-bresil.com\/wp-content\/uploads\/2024\/12\/IMG_61621-scaled.jpg\" \/>\n\t<meta property=\"og:image:width\" content=\"1920\" \/>\n\t<meta property=\"og:image:height\" content=\"2560\" \/>\n\t<meta property=\"og:image:type\" content=\"image\/jpeg\" \/>\n<meta name=\"twitter:card\" content=\"summary_large_image\" \/>\n<meta name=\"twitter:label1\" content=\"Estimated reading time\" \/>\n\t<meta name=\"twitter:data1\" content=\"4 minutes\" \/>\n<script type=\"application\/ld+json\" class=\"yoast-schema-graph\">{\"@context\":\"https:\\\/\\\/schema.org\",\"@graph\":[{\"@type\":\"WebPage\",\"@id\":\"https:\\\/\\\/destination-bresil.com\\\/qui-sommes-nous\\\/\",\"url\":\"https:\\\/\\\/destination-bresil.com\\\/qui-sommes-nous\\\/\",\"name\":\"Qui sommes-nous \u2013 amoureux de voyage et d'aventure\",\"isPartOf\":{\"@id\":\"https:\\\/\\\/destination-bresil.com\\\/#website\"},\"primaryImageOfPage\":{\"@id\":\"https:\\\/\\\/destination-bresil.com\\\/qui-sommes-nous\\\/#primaryimage\"},\"image\":{\"@id\":\"https:\\\/\\\/destination-bresil.com\\\/qui-sommes-nous\\\/#primaryimage\"},\"thumbnailUrl\":\"https:\\\/\\\/destination-bresil.com\\\/wp-content\\\/uploads\\\/2024\\\/12\\\/IMG_61621-scaled.jpg\",\"datePublished\":\"2024-11-05T01:08:25+00:00\",\"dateModified\":\"2025-07-23T20:58:54+00:00\",\"description\":\"D\u00e9couvrez notre histoire, passionn\u00e9e nous vous guidons pour r\u00e9ussir vos voyages, s\u00e9jours et projets d\u2019expatriation au Br\u00e9sil.\",\"breadcrumb\":{\"@id\":\"https:\\\/\\\/destination-bresil.com\\\/qui-sommes-nous\\\/#breadcrumb\"},\"inLanguage\":\"en-GB\",\"potentialAction\":[{\"@type\":\"ReadAction\",\"target\":[\"https:\\\/\\\/destination-bresil.com\\\/qui-sommes-nous\\\/\"]}]},{\"@type\":\"ImageObject\",\"inLanguage\":\"en-GB\",\"@id\":\"https:\\\/\\\/destination-bresil.com\\\/qui-sommes-nous\\\/#primaryimage\",\"url\":\"https:\\\/\\\/destination-bresil.com\\\/wp-content\\\/uploads\\\/2024\\\/12\\\/IMG_61621-scaled.jpg\",\"contentUrl\":\"https:\\\/\\\/destination-bresil.com\\\/wp-content\\\/uploads\\\/2024\\\/12\\\/IMG_61621-scaled.jpg\"},{\"@type\":\"BreadcrumbList\",\"@id\":\"https:\\\/\\\/destination-bresil.com\\\/qui-sommes-nous\\\/#breadcrumb\",\"itemListElement\":[{\"@type\":\"ListItem\",\"position\":1,\"name\":\"Accueil\",\"item\":\"https:\\\/\\\/destination-bresil.com\\\/\"},{\"@type\":\"ListItem\",\"position\":2,\"name\":\"QUI SOMMES NOUS ?\"}]},{\"@type\":\"WebSite\",\"@id\":\"https:\\\/\\\/destination-bresil.com\\\/#website\",\"url\":\"https:\\\/\\\/destination-bresil.com\\\/\",\"name\":\"Destination Br\u00e9sil\",\"description\":\"Voyage installation et expatriation au Br\u00e9sil\",\"publisher\":{\"@id\":\"https:\\\/\\\/destination-bresil.com\\\/#organization\"},\"potentialAction\":[{\"@type\":\"SearchAction\",\"target\":{\"@type\":\"EntryPoint\",\"urlTemplate\":\"https:\\\/\\\/destination-bresil.com\\\/?s={search_term_string}\"},\"query-input\":{\"@type\":\"PropertyValueSpecification\",\"valueRequired\":true,\"valueName\":\"search_term_string\"}}],\"inLanguage\":\"en-GB\"},{\"@type\":\"Organization\",\"@id\":\"https:\\\/\\\/destination-bresil.com\\\/#organization\",\"name\":\"Destination Br\u00e9sil\",\"url\":\"https:\\\/\\\/destination-bresil.com\\\/\",\"logo\":{\"@type\":\"ImageObject\",\"inLanguage\":\"en-GB\",\"@id\":\"https:\\\/\\\/destination-bresil.com\\\/#\\\/schema\\\/logo\\\/image\\\/\",\"url\":\"https:\\\/\\\/destination-bresil.com\\\/wp-content\\\/uploads\\\/2024\\\/11\\\/DESTINATION-BRESIL-500-x-400-px1-1.png\",\"contentUrl\":\"https:\\\/\\\/destination-bresil.com\\\/wp-content\\\/uploads\\\/2024\\\/11\\\/DESTINATION-BRESIL-500-x-400-px1-1.png\",\"width\":500,\"height\":400,\"caption\":\"Destination Br\u00e9sil\"},\"image\":{\"@id\":\"https:\\\/\\\/destination-bresil.com\\\/#\\\/schema\\\/logo\\\/image\\\/\"}}]}<\/script>\n<!-- \/ Yoast SEO plugin. -->","yoast_head_json":{"title":"Qui sommes-nous \u2013 amoureux de voyage et d'aventure","description":"D\u00e9couvrez notre histoire, passionn\u00e9e nous vous guidons pour r\u00e9ussir vos voyages, s\u00e9jours et projets d\u2019expatriation au Br\u00e9sil.","robots":{"index":"index","follow":"follow","max-snippet":"max-snippet:-1","max-image-preview":"max-image-preview:large","max-video-preview":"max-video-preview:-1"},"canonical":"https:\/\/destination-bresil.com\/en\/qui-sommes-nous\/","og_locale":"en_GB","og_type":"article","og_title":"Qui sommes-nous \u2013 amoureux de voyage et d'aventure","og_description":"D\u00e9couvrez notre histoire, passionn\u00e9e nous vous guidons pour r\u00e9ussir vos voyages, s\u00e9jours et projets d\u2019expatriation au Br\u00e9sil.","og_url":"https:\/\/destination-bresil.com\/en\/qui-sommes-nous\/","og_site_name":"Destination Br\u00e9sil","article_modified_time":"2025-07-23T20:58:54+00:00","og_image":[{"width":1920,"height":2560,"url":"https:\/\/destination-bresil.com\/wp-content\/uploads\/2024\/12\/IMG_61621-scaled.jpg","type":"image\/jpeg"}],"twitter_card":"summary_large_image","twitter_misc":{"Estimated reading time":"4 minutes"},"schema":{"@context":"https:\/\/schema.org","@graph":[{"@type":"WebPage","@id":"https:\/\/destination-bresil.com\/qui-sommes-nous\/","url":"https:\/\/destination-bresil.com\/qui-sommes-nous\/","name":"Qui sommes-nous \u2013 amoureux de voyage et d'aventure","isPartOf":{"@id":"https:\/\/destination-bresil.com\/#website"},"primaryImageOfPage":{"@id":"https:\/\/destination-bresil.com\/qui-sommes-nous\/#primaryimage"},"image":{"@id":"https:\/\/destination-bresil.com\/qui-sommes-nous\/#primaryimage"},"thumbnailUrl":"https:\/\/destination-bresil.com\/wp-content\/uploads\/2024\/12\/IMG_61621-scaled.jpg","datePublished":"2024-11-05T01:08:25+00:00","dateModified":"2025-07-23T20:58:54+00:00","description":"D\u00e9couvrez notre histoire, passionn\u00e9e nous vous guidons pour r\u00e9ussir vos voyages, s\u00e9jours et projets d\u2019expatriation au Br\u00e9sil.","breadcrumb":{"@id":"https:\/\/destination-bresil.com\/qui-sommes-nous\/#breadcrumb"},"inLanguage":"en-GB","potentialAction":[{"@type":"ReadAction","target":["https:\/\/destination-bresil.com\/qui-sommes-nous\/"]}]},{"@type":"ImageObject","inLanguage":"en-GB","@id":"https:\/\/destination-bresil.com\/qui-sommes-nous\/#primaryimage","url":"https:\/\/destination-bresil.com\/wp-content\/uploads\/2024\/12\/IMG_61621-scaled.jpg","contentUrl":"https:\/\/destination-bresil.com\/wp-content\/uploads\/2024\/12\/IMG_61621-scaled.jpg"},{"@type":"BreadcrumbList","@id":"https:\/\/destination-bresil.com\/qui-sommes-nous\/#breadcrumb","itemListElement":[{"@type":"ListItem","position":1,"name":"Accueil","item":"https:\/\/destination-bresil.com\/"},{"@type":"ListItem","position":2,"name":"QUI SOMMES NOUS ?"}]},{"@type":"WebSite","@id":"https:\/\/destination-bresil.com\/#website","url":"https:\/\/destination-bresil.com\/","name":"Destination Br\u00e9sil","description":"Travel installation and expatriation in Brazil","publisher":{"@id":"https:\/\/destination-bresil.com\/#organization"},"potentialAction":[{"@type":"SearchAction","target":{"@type":"EntryPoint","urlTemplate":"https:\/\/destination-bresil.com\/?s={search_term_string}"},"query-input":{"@type":"PropertyValueSpecification","valueRequired":true,"valueName":"search_term_string"}}],"inLanguage":"en-GB"},{"@type":"Organization","@id":"https:\/\/destination-bresil.com\/#organization","name":"Destination Br\u00e9sil","url":"https:\/\/destination-bresil.com\/","logo":{"@type":"ImageObject","inLanguage":"en-GB","@id":"https:\/\/destination-bresil.com\/#\/schema\/logo\/image\/","url":"https:\/\/destination-bresil.com\/wp-content\/uploads\/2024\/11\/DESTINATION-BRESIL-500-x-400-px1-1.png","contentUrl":"https:\/\/destination-bresil.com\/wp-content\/uploads\/2024\/11\/DESTINATION-BRESIL-500-x-400-px1-1.png","width":500,"height":400,"caption":"Destination Br\u00e9sil"},"image":{"@id":"https:\/\/destination-bresil.com\/#\/schema\/logo\/image\/"}}]}},"_links":{"self":[{"href":"https:\/\/destination-bresil.com\/en\/wp-json\/wp\/v2\/pages\/308","targetHints":{"allow":["GET"]}}],"collection":[{"href":"https:\/\/destination-bresil.com\/en\/wp-json\/wp\/v2\/pages"}],"about":[{"href":"https:\/\/destination-bresil.com\/en\/wp-json\/wp\/v2\/types\/page"}],"author":[{"embeddable":true,"href":"https:\/\/destination-bresil.com\/en\/wp-json\/wp\/v2\/users\/1"}],"replies":[{"embeddable":true,"href":"https:\/\/destination-bresil.com\/en\/wp-json\/wp\/v2\/comments?post=308"}],"version-history":[{"count":160,"href":"https:\/\/destination-bresil.com\/en\/wp-json\/wp\/v2\/pages\/308\/revisions"}],"predecessor-version":[{"id":5742,"href":"https:\/\/destination-bresil.com\/en\/wp-json\/wp\/v2\/pages\/308\/revisions\/5742"}],"wp:attachment":[{"href":"https:\/\/destination-bresil.com\/en\/wp-json\/wp\/v2\/media?parent=308"}],"curies":[{"name":"wp","href":"https:\/\/api.w.org\/{rel}","templated":true}]}}